{"id":966,"date":"2024-12-22T12:01:50","date_gmt":"2024-12-22T12:01:50","guid":{"rendered":"http:\/\/www.logi-go.com\/?page_id=966"},"modified":"2025-05-28T14:44:31","modified_gmt":"2025-05-28T14:44:31","slug":"tehlikeli-madde-tasimaciligi","status":"publish","type":"page","link":"https:\/\/www.logi-go.com\/de\/tehlikeli-madde-tasimaciligi\/","title":{"rendered":"Gefahrguttransporte"},"content":{"rendered":"<div class=\"wpb-content-wrapper\"><p>[vc_row][vc_column width=&#8220;1\/2&#8243;][vc_single_image image=&#8220;1034&#8243; img_size=&#8220;full&#8220; alignment=&#8220;center&#8220; style=&#8220;vc_box_outline&#8220; border_color=&#8220;juicy_pink&#8220; css=&#8220;&#8220;][\/vc_column][vc_column width=&#8220;1\/2&#8243;][vc_column_text css=&#8220;&#8220;]Beim Transport gef\u00e4hrlicher G\u00fcter ist die Einhaltung hoher Sicherheits- und Compliance-Standards von gro\u00dfer Bedeutung. Logigo Logistics bietet sichere L\u00f6sungen f\u00fcr den Transport von Chemikalien, Sprengstoffen und anderen Gefahrstoffen. Wir transportieren Gefahrstoffe aller Art sorgf\u00e4ltig und gem\u00e4\u00df den gesetzlichen Bestimmungen und internationalen Standards. Wir minimieren Risiken durch spezielle Verpackungen, Sicherheitsprotokolle und sensibles Prozessmanagement. Unser erfahrenes Personal h\u00e4lt Sie st\u00e4ndig auf dem Laufenden und verwaltet den gesamten Transportprozess. Bei unserem Expertenteam f\u00fcr Gefahrguttransporte sind Ihre Ladungen sicher.[\/vc_column_text][\/vc_column][\/vc_row]<\/p>\n<\/div>","protected":false},"excerpt":{"rendered":"<p>[vc_row][vc_column width=&#8220;1\/2&#8243;][vc_single_image image=&#8220;1034&#8243; img_size=&#8220;full&#8220; alignment=&#8220;center&#8220; style=&#8220;vc_box_outline&#8220; border_color=&#8220;juicy_pink&#8220; css=&#8220;&#8220;][\/vc_column][vc_column width=&#8220;1\/2&#8243;][vc_column_text css=&#8220;&#8220;]Beim Transport gef\u00e4hrlicher G\u00fcter ist die Einhaltung hoher Sicherheits- und Compliance-Standards von gro\u00dfer Bedeutung. Logigo Logistics bietet sichere L\u00f6sungen f\u00fcr den Transport von Chemikalien, Sprengstoffen und anderen Gefahrstoffen. Wir transportieren Gefahrstoffe&#8230;<\/p>\n","protected":false},"author":1,"featured_media":0,"parent":0,"menu_order":0,"comment_status":"closed","ping_status":"closed","template":"","meta":{"footnotes":""},"class_list":["post-966","page","type-page","status-publish","hentry"],"_links":{"self":[{"href":"https:\/\/www.logi-go.com\/de\/wp-json\/wp\/v2\/pages\/966","targetHints":{"allow":["GET"]}}],"collection":[{"href":"https:\/\/www.logi-go.com\/de\/wp-json\/wp\/v2\/pages"}],"about":[{"href":"https:\/\/www.logi-go.com\/de\/wp-json\/wp\/v2\/types\/page"}],"author":[{"embeddable":true,"href":"https:\/\/www.logi-go.com\/de\/wp-json\/wp\/v2\/users\/1"}],"replies":[{"embeddable":true,"href":"https:\/\/www.logi-go.com\/de\/wp-json\/wp\/v2\/comments?post=966"}],"version-history":[{"count":6,"href":"https:\/\/www.logi-go.com\/de\/wp-json\/wp\/v2\/pages\/966\/revisions"}],"predecessor-version":[{"id":1132,"href":"https:\/\/www.logi-go.com\/de\/wp-json\/wp\/v2\/pages\/966\/revisions\/1132"}],"wp:attachment":[{"href":"https:\/\/www.logi-go.com\/de\/wp-json\/wp\/v2\/media?parent=966"}],"curies":[{"name":"wp","href":"https:\/\/api.w.org\/{rel}","templated":true}]}}