{"id":962,"date":"2024-12-22T12:00:53","date_gmt":"2024-12-22T12:00:53","guid":{"rendered":"http:\/\/www.logi-go.com\/?page_id=962"},"modified":"2025-05-28T14:44:04","modified_gmt":"2025-05-28T14:44:04","slug":"proje-tasiciligi","status":"publish","type":"page","link":"https:\/\/www.logi-go.com\/de\/proje-tasiciligi\/","title":{"rendered":"Projekttransporte"},"content":{"rendered":"<div class=\"wpb-content-wrapper\"><p>[vc_row][vc_column width=&#8220;1\/2&#8243;][vc_single_image image=&#8220;1032&#8243; img_size=&#8220;full&#8220; alignment=&#8220;center&#8220; style=&#8220;vc_box_outline&#8220; border_color=&#8220;juicy_pink&#8220; css=&#8220;&#8220;][\/vc_column][vc_column width=&#8220;1\/2&#8243;][vc_column_text css=&#8220;&#8220;]Logigo Logistics unterst\u00fctzt Sie professionell bei Ihren Branchenanforderungen und bietet spezielle Transportl\u00f6sungen f\u00fcr Gro\u00dfprojekte an. Wir stehen Ihnen mit unseren Projekttransporten f\u00fcr gro\u00dfvolumige und empfindliche Ladungen aller Art, von Industrieanlagen bis hin zu Baumaterialien, zur Verf\u00fcgung. Unser erfahrenes Projektmanagementteam erstellt detaillierte Pl\u00e4ne und teilt Ihnen jeden Schritt mit, um sicherzustellen, dass Ihre Fracht auf dem sichersten und schnellsten Weg ihr Ziel erreicht. Entscheiden Sie sich f\u00fcr Logigo Logistics, um mit auf Ihre spezifischen Anforderungen zugeschnittenen L\u00f6sungen den Unterschied in Ihren Projekten zu bewirken.[\/vc_column_text][\/vc_column][\/vc_row]<\/p>\n<\/div>","protected":false},"excerpt":{"rendered":"<p>[vc_row][vc_column width=&#8220;1\/2&#8243;][vc_single_image image=&#8220;1032&#8243; img_size=&#8220;full&#8220; alignment=&#8220;center&#8220; style=&#8220;vc_box_outline&#8220; border_color=&#8220;juicy_pink&#8220; css=&#8220;&#8220;][\/vc_column][vc_column width=&#8220;1\/2&#8243;][vc_column_text css=&#8220;&#8220;]Logigo Logistics unterst\u00fctzt Sie professionell bei Ihren Branchenanforderungen und bietet spezielle Transportl\u00f6sungen f\u00fcr Gro\u00dfprojekte an. Wir stehen Ihnen mit unseren Projekttransporten f\u00fcr gro\u00dfvolumige und empfindliche Ladungen aller Art, von Industrieanlagen bis&#8230;<\/p>\n","protected":false},"author":1,"featured_media":0,"parent":0,"menu_order":0,"comment_status":"closed","ping_status":"closed","template":"","meta":{"footnotes":""},"class_list":["post-962","page","type-page","status-publish","hentry"],"_links":{"self":[{"href":"https:\/\/www.logi-go.com\/de\/wp-json\/wp\/v2\/pages\/962","targetHints":{"allow":["GET"]}}],"collection":[{"href":"https:\/\/www.logi-go.com\/de\/wp-json\/wp\/v2\/pages"}],"about":[{"href":"https:\/\/www.logi-go.com\/de\/wp-json\/wp\/v2\/types\/page"}],"author":[{"embeddable":true,"href":"https:\/\/www.logi-go.com\/de\/wp-json\/wp\/v2\/users\/1"}],"replies":[{"embeddable":true,"href":"https:\/\/www.logi-go.com\/de\/wp-json\/wp\/v2\/comments?post=962"}],"version-history":[{"count":6,"href":"https:\/\/www.logi-go.com\/de\/wp-json\/wp\/v2\/pages\/962\/revisions"}],"predecessor-version":[{"id":1131,"href":"https:\/\/www.logi-go.com\/de\/wp-json\/wp\/v2\/pages\/962\/revisions\/1131"}],"wp:attachment":[{"href":"https:\/\/www.logi-go.com\/de\/wp-json\/wp\/v2\/media?parent=962"}],"curies":[{"name":"wp","href":"https:\/\/api.w.org\/{rel}","templated":true}]}}