{"id":958,"date":"2024-12-22T12:00:04","date_gmt":"2024-12-22T12:00:04","guid":{"rendered":"http:\/\/www.logi-go.com\/?page_id=958"},"modified":"2025-05-28T14:43:36","modified_gmt":"2025-05-28T14:43:36","slug":"gabaridisi-oversize-tasimacilik","status":"publish","type":"page","link":"https:\/\/www.logi-go.com\/de\/gabaridisi-oversize-tasimacilik\/","title":{"rendered":"Schwer- und Gro\u00dfraumtransporte"},"content":{"rendered":"<div class=\"wpb-content-wrapper\"><p>[vc_row][vc_column width=&#8220;1\/2&#8243;][vc_single_image image=&#8220;1030&#8243; img_size=&#8220;full&#8220; alignment=&#8220;center&#8220; style=&#8220;vc_box_outline&#8220; border_color=&#8220;juicy_pink&#8220; css=&#8220;&#8220;][\/vc_column][vc_column width=&#8220;1\/2&#8243;][vc_column_text css=&#8220;&#8220;]<\/p>\n<div>Logigo Logistics ist auf den Transport von Ladungen mit Sondergr\u00f6\u00dfen spezialisiert. Unser Transportservice f\u00fcr \u00fcbergro\u00dfe Frachten stellt sicher, dass Ihre \u00fcbergro\u00dfe Fracht sicher und sorgf\u00e4ltig ihr Ziel erreicht. Mit unserer Spezialausr\u00fcstung und unserem fachkundigen Personal bieten wir auf die Bed\u00fcrfnisse Ihrer Fracht zugeschnittene Transportl\u00f6sungen. Anspruchsvolle Logistiketappen wie Br\u00fccken- und Tunnel\u00fcberquerungen werden von uns sorgf\u00e4ltig geplant und unter Einhaltung hoher Sicherheitsvorkehrungen gemanagt. Entdecken Sie professionelle L\u00f6sungen f\u00fcr den \u00dcberma\u00dftransport mit Logigo Logistics, das Sie bei jedem Schritt Ihrer Projekte begleitet.<\/div>\n<p>[\/vc_column_text][\/vc_column][\/vc_row]<\/p>\n<\/div>","protected":false},"excerpt":{"rendered":"<p>[vc_row][vc_column width=&#8220;1\/2&#8243;][vc_single_image image=&#8220;1030&#8243; img_size=&#8220;full&#8220; alignment=&#8220;center&#8220; style=&#8220;vc_box_outline&#8220; border_color=&#8220;juicy_pink&#8220; css=&#8220;&#8220;][\/vc_column][vc_column width=&#8220;1\/2&#8243;][vc_column_text css=&#8220;&#8220;] Logigo Logistics ist auf den Transport von Ladungen mit Sondergr\u00f6\u00dfen spezialisiert. Unser Transportservice f\u00fcr \u00fcbergro\u00dfe Frachten stellt sicher, dass Ihre \u00fcbergro\u00dfe Fracht sicher und sorgf\u00e4ltig ihr Ziel erreicht. Mit unserer&#8230;<\/p>\n","protected":false},"author":1,"featured_media":0,"parent":0,"menu_order":0,"comment_status":"closed","ping_status":"closed","template":"","meta":{"footnotes":""},"class_list":["post-958","page","type-page","status-publish","hentry"],"_links":{"self":[{"href":"https:\/\/www.logi-go.com\/de\/wp-json\/wp\/v2\/pages\/958","targetHints":{"allow":["GET"]}}],"collection":[{"href":"https:\/\/www.logi-go.com\/de\/wp-json\/wp\/v2\/pages"}],"about":[{"href":"https:\/\/www.logi-go.com\/de\/wp-json\/wp\/v2\/types\/page"}],"author":[{"embeddable":true,"href":"https:\/\/www.logi-go.com\/de\/wp-json\/wp\/v2\/users\/1"}],"replies":[{"embeddable":true,"href":"https:\/\/www.logi-go.com\/de\/wp-json\/wp\/v2\/comments?post=958"}],"version-history":[{"count":6,"href":"https:\/\/www.logi-go.com\/de\/wp-json\/wp\/v2\/pages\/958\/revisions"}],"predecessor-version":[{"id":1130,"href":"https:\/\/www.logi-go.com\/de\/wp-json\/wp\/v2\/pages\/958\/revisions\/1130"}],"wp:attachment":[{"href":"https:\/\/www.logi-go.com\/de\/wp-json\/wp\/v2\/media?parent=958"}],"curies":[{"name":"wp","href":"https:\/\/api.w.org\/{rel}","templated":true}]}}