{"id":954,"date":"2024-12-22T11:58:50","date_gmt":"2024-12-22T11:58:50","guid":{"rendered":"http:\/\/www.logi-go.com\/?page_id=954"},"modified":"2025-05-28T14:43:14","modified_gmt":"2025-05-28T14:43:14","slug":"arac-tasimaciligi-ve-lojistigi","status":"publish","type":"page","link":"https:\/\/www.logi-go.com\/de\/arac-tasimaciligi-ve-lojistigi\/","title":{"rendered":"Fahrzeugtransport"},"content":{"rendered":"<div class=\"wpb-content-wrapper\"><p>[vc_row][vc_column width=&#8220;1\/2&#8243;][vc_single_image image=&#8220;1028&#8243; img_size=&#8220;full&#8220; alignment=&#8220;center&#8220; style=&#8220;vc_box_outline&#8220; border_color=&#8220;juicy_pink&#8220; css=&#8220;&#8220;][\/vc_column][vc_column width=&#8220;1\/2&#8243;][vc_column_text css=&#8220;&#8220;]Wenn Sie Ihre Fahrzeuge, die Sie aus dem Ausland, insbesondere aus Europa, in die T\u00fcrkei bringen, umbauen oder in Wohnwagen umbauen, k\u00f6nnen Sie sich von unserem Expertenteam dabei unterst\u00fctzen lassen, welche Methoden Sie bei der Mitnahme ins Ausland beachten sollten. Der Fahrzeugtransport erfordert besondere Fachkenntnisse und Sorgfalt. Logigo Logistics verf\u00fcgt \u00fcber ein erfahrenes Team und spezielle Ausr\u00fcstung, die den sicheren Transport unterschiedlicher Fahrzeugtypen erm\u00f6glicht. Ob Pkw, Nutzfahrzeuge oder Spezialfahrzeuge \u2013 wir bieten f\u00fcr alle Transportvorg\u00e4nge die passende L\u00f6sung. Mit unserem speziellen Transportequipment und sorgf\u00e4ltigen Versandabl\u00e4ufen zur Sicherheit Ihrer Fahrzeuge bringen wir Ihr Fahrzeug problemlos ans Ziel. Die idealsten L\u00f6sungen f\u00fcr unsere Kunden, die Zuverl\u00e4ssigkeit in der Fahrzeuglogistik suchen, gibt es bei Logigo Logistics![\/vc_column_text][\/vc_column][\/vc_row]<\/p>\n<\/div>","protected":false},"excerpt":{"rendered":"<p>[vc_row][vc_column width=&#8220;1\/2&#8243;][vc_single_image image=&#8220;1028&#8243; img_size=&#8220;full&#8220; alignment=&#8220;center&#8220; style=&#8220;vc_box_outline&#8220; border_color=&#8220;juicy_pink&#8220; css=&#8220;&#8220;][\/vc_column][vc_column width=&#8220;1\/2&#8243;][vc_column_text css=&#8220;&#8220;]Wenn Sie Ihre Fahrzeuge, die Sie aus dem Ausland, insbesondere aus Europa, in die T\u00fcrkei bringen, umbauen oder in Wohnwagen umbauen, k\u00f6nnen Sie sich von unserem Expertenteam dabei unterst\u00fctzen lassen, welche&#8230;<\/p>\n","protected":false},"author":1,"featured_media":0,"parent":0,"menu_order":0,"comment_status":"closed","ping_status":"closed","template":"","meta":{"footnotes":""},"class_list":["post-954","page","type-page","status-publish","hentry"],"_links":{"self":[{"href":"https:\/\/www.logi-go.com\/de\/wp-json\/wp\/v2\/pages\/954","targetHints":{"allow":["GET"]}}],"collection":[{"href":"https:\/\/www.logi-go.com\/de\/wp-json\/wp\/v2\/pages"}],"about":[{"href":"https:\/\/www.logi-go.com\/de\/wp-json\/wp\/v2\/types\/page"}],"author":[{"embeddable":true,"href":"https:\/\/www.logi-go.com\/de\/wp-json\/wp\/v2\/users\/1"}],"replies":[{"embeddable":true,"href":"https:\/\/www.logi-go.com\/de\/wp-json\/wp\/v2\/comments?post=954"}],"version-history":[{"count":7,"href":"https:\/\/www.logi-go.com\/de\/wp-json\/wp\/v2\/pages\/954\/revisions"}],"predecessor-version":[{"id":1129,"href":"https:\/\/www.logi-go.com\/de\/wp-json\/wp\/v2\/pages\/954\/revisions\/1129"}],"wp:attachment":[{"href":"https:\/\/www.logi-go.com\/de\/wp-json\/wp\/v2\/media?parent=954"}],"curies":[{"name":"wp","href":"https:\/\/api.w.org\/{rel}","templated":true}]}}