{"id":940,"date":"2024-12-22T11:56:12","date_gmt":"2024-12-22T11:56:12","guid":{"rendered":"http:\/\/www.logi-go.com\/?page_id=940"},"modified":"2025-05-28T14:41:59","modified_gmt":"2025-05-28T14:41:59","slug":"yurt-ici-tasimacilik","status":"publish","type":"page","link":"https:\/\/www.logi-go.com\/de\/yurt-ici-tasimacilik\/","title":{"rendered":"Inlandtransporte"},"content":{"rendered":"<div class=\"wpb-content-wrapper\"><p>[vc_row][vc_column width=&#8220;1\/2&#8243;][vc_single_image image=&#8220;1021&#8243; img_size=&#8220;full&#8220; alignment=&#8220;center&#8220; style=&#8220;vc_box_outline&#8220; border_color=&#8220;juicy_pink&#8220; css=&#8220;&#8220;][\/vc_column][vc_column width=&#8220;1\/2&#8243;][vc_column_text css=&#8220;&#8220;]Logigo Logistics verf\u00fcgt \u00fcber ein ausgedehntes Vertriebsnetz in der gesamten T\u00fcrkei und ist bestrebt, seinen Kunden den besten Service zu bieten, indem es f\u00fcr Schnelligkeit, Zuverl\u00e4ssigkeit und Flexibilit\u00e4t im Inlandstransport sorgt. Wir liefern Ihre Ladung sicher von T\u00fcr zu T\u00fcr mit unserem Netzwerk, das den Transportbedarf im ganzen Land abdeckt. Logigo Logistics bietet selbst an den entferntesten Punkten der T\u00fcrkei einen Service mit gleichbleibender Qualit\u00e4t und Geschwindigkeit und erleichtert Ihre Abl\u00e4ufe, w\u00e4hrend Ihre Fracht sicher ans Ziel gelangt. Profitieren Sie von der Zusicherung von Logigo, sich von der Konkurrenz abzuheben und die Erwartungen Ihrer Kunden mit unseren regionalen Transportl\u00f6sungen zu \u00fcbertreffen.[\/vc_column_text][\/vc_column][\/vc_row]<\/p>\n<\/div>","protected":false},"excerpt":{"rendered":"<p>[vc_row][vc_column width=&#8220;1\/2&#8243;][vc_single_image image=&#8220;1021&#8243; img_size=&#8220;full&#8220; alignment=&#8220;center&#8220; style=&#8220;vc_box_outline&#8220; border_color=&#8220;juicy_pink&#8220; css=&#8220;&#8220;][\/vc_column][vc_column width=&#8220;1\/2&#8243;][vc_column_text css=&#8220;&#8220;]Logigo Logistics verf\u00fcgt \u00fcber ein ausgedehntes Vertriebsnetz in der gesamten T\u00fcrkei und ist bestrebt, seinen Kunden den besten Service zu bieten, indem es f\u00fcr Schnelligkeit, Zuverl\u00e4ssigkeit und Flexibilit\u00e4t im Inlandstransport sorgt&#8230;.<\/p>\n","protected":false},"author":1,"featured_media":0,"parent":0,"menu_order":0,"comment_status":"closed","ping_status":"closed","template":"","meta":{"footnotes":""},"class_list":["post-940","page","type-page","status-publish","hentry"],"_links":{"self":[{"href":"https:\/\/www.logi-go.com\/de\/wp-json\/wp\/v2\/pages\/940","targetHints":{"allow":["GET"]}}],"collection":[{"href":"https:\/\/www.logi-go.com\/de\/wp-json\/wp\/v2\/pages"}],"about":[{"href":"https:\/\/www.logi-go.com\/de\/wp-json\/wp\/v2\/types\/page"}],"author":[{"embeddable":true,"href":"https:\/\/www.logi-go.com\/de\/wp-json\/wp\/v2\/users\/1"}],"replies":[{"embeddable":true,"href":"https:\/\/www.logi-go.com\/de\/wp-json\/wp\/v2\/comments?post=940"}],"version-history":[{"count":6,"href":"https:\/\/www.logi-go.com\/de\/wp-json\/wp\/v2\/pages\/940\/revisions"}],"predecessor-version":[{"id":1126,"href":"https:\/\/www.logi-go.com\/de\/wp-json\/wp\/v2\/pages\/940\/revisions\/1126"}],"wp:attachment":[{"href":"https:\/\/www.logi-go.com\/de\/wp-json\/wp\/v2\/media?parent=940"}],"curies":[{"name":"wp","href":"https:\/\/api.w.org\/{rel}","templated":true}]}}