{"id":936,"date":"2024-12-22T11:55:18","date_gmt":"2024-12-22T11:55:18","guid":{"rendered":"http:\/\/www.logi-go.com\/?page_id=936"},"modified":"2025-05-28T14:41:36","modified_gmt":"2025-05-28T14:41:36","slug":"gumrukleme","status":"publish","type":"page","link":"https:\/\/www.logi-go.com\/de\/gumrukleme\/","title":{"rendered":"Zollabfertigung"},"content":{"rendered":"<div class=\"wpb-content-wrapper\"><p>[vc_row][vc_column width=&#8220;1\/2&#8243;][vc_single_image image=&#8220;1018&#8243; img_size=&#8220;full&#8220; alignment=&#8220;center&#8220; style=&#8220;vc_box_outline&#8220; border_color=&#8220;juicy_pink&#8220; css=&#8220;&#8220;][\/vc_column][vc_column width=&#8220;1\/2&#8243;][vc_column_text css=&#8220;&#8220;]Zollverfahren, eine der kritischsten Phasen des internationalen Handels, sind mit dem Expertenteam von Logigo Logistics viel einfacher. Mit unseren Zollabwicklungsdienstleistungen erf\u00fcllen wir alle gesetzlichen Anforderungen und beschleunigen so die Import- und Exportprozesse. Wir sorgen f\u00fcr einen reibungslosen \u00dcbergang zu Ihrem Gesch\u00e4ftsbetrieb durch die Vorbereitung von Dokumenten, die Nachverfolgung von Transaktionen und professionelle Unterst\u00fctzung in jeder Phase. Sparen Sie Zeit und machen Sie mit unserem erfahrenen Zollabfertigungsteam den Unterschied in Ihrem Unternehmen. Schlie\u00dfen Sie jeden Schritt Ihrer internationalen Logistikprozesse sicher mit Logigo Assurance ab. \u00a0 Unterst\u00fctzung bei der internationalen Zollabwicklung erhalten Sie von unserem Team.[\/vc_column_text][\/vc_column][\/vc_row]<\/p>\n<\/div>","protected":false},"excerpt":{"rendered":"<p>[vc_row][vc_column width=&#8220;1\/2&#8243;][vc_single_image image=&#8220;1018&#8243; img_size=&#8220;full&#8220; alignment=&#8220;center&#8220; style=&#8220;vc_box_outline&#8220; border_color=&#8220;juicy_pink&#8220; css=&#8220;&#8220;][\/vc_column][vc_column width=&#8220;1\/2&#8243;][vc_column_text css=&#8220;&#8220;]Zollverfahren, eine der kritischsten Phasen des internationalen Handels, sind mit dem Expertenteam von Logigo Logistics viel einfacher. Mit unseren Zollabwicklungsdienstleistungen erf\u00fcllen wir alle gesetzlichen Anforderungen und beschleunigen so die Import- und&#8230;<\/p>\n","protected":false},"author":1,"featured_media":0,"parent":0,"menu_order":0,"comment_status":"closed","ping_status":"closed","template":"","meta":{"footnotes":""},"class_list":["post-936","page","type-page","status-publish","hentry"],"_links":{"self":[{"href":"https:\/\/www.logi-go.com\/de\/wp-json\/wp\/v2\/pages\/936","targetHints":{"allow":["GET"]}}],"collection":[{"href":"https:\/\/www.logi-go.com\/de\/wp-json\/wp\/v2\/pages"}],"about":[{"href":"https:\/\/www.logi-go.com\/de\/wp-json\/wp\/v2\/types\/page"}],"author":[{"embeddable":true,"href":"https:\/\/www.logi-go.com\/de\/wp-json\/wp\/v2\/users\/1"}],"replies":[{"embeddable":true,"href":"https:\/\/www.logi-go.com\/de\/wp-json\/wp\/v2\/comments?post=936"}],"version-history":[{"count":6,"href":"https:\/\/www.logi-go.com\/de\/wp-json\/wp\/v2\/pages\/936\/revisions"}],"predecessor-version":[{"id":1125,"href":"https:\/\/www.logi-go.com\/de\/wp-json\/wp\/v2\/pages\/936\/revisions\/1125"}],"wp:attachment":[{"href":"https:\/\/www.logi-go.com\/de\/wp-json\/wp\/v2\/media?parent=936"}],"curies":[{"name":"wp","href":"https:\/\/api.w.org\/{rel}","templated":true}]}}