{"id":926,"date":"2024-12-22T11:53:04","date_gmt":"2024-12-22T11:53:04","guid":{"rendered":"http:\/\/www.logi-go.com\/?page_id=926"},"modified":"2025-05-28T14:40:50","modified_gmt":"2025-05-28T14:40:50","slug":"likit-tasimacilik","status":"publish","type":"page","link":"https:\/\/www.logi-go.com\/de\/likit-tasimacilik\/","title":{"rendered":"Fl\u00fcssigkeits"},"content":{"rendered":"<div class=\"wpb-content-wrapper\"><p>[vc_row][vc_column width=&#8220;1\/2&#8243;][vc_single_image image=&#8220;1014&#8243; img_size=&#8220;full&#8220; alignment=&#8220;center&#8220; style=&#8220;vc_box_outline&#8220; border_color=&#8220;juicy_pink&#8220; css=&#8220;&#8220;][\/vc_column][vc_column width=&#8220;1\/2&#8243;][vc_column_text css=&#8220;&#8220;]Logigo Logistics bietet speziell entwickelte Transportl\u00f6sungen f\u00fcr alle Arten von Fl\u00fcssigfracht, von fl\u00fcssigen Chemikalien bis hin zu Lebensmitteln. Mit hohen Sicherheitsma\u00dfnahmen, speziellen Tankwagen und Transportbedingungen, die den Hygienestandards entsprechen, erf\u00fcllen wir die Anforderungen unserer Kunden im Bereich Fl\u00fcssigkeitstransporte in vollem Umfang. Mit unserem erfahrenen Personal und unserem umfangreichen Fuhrpark im Bereich Fl\u00fcssigkeitstransport gew\u00e4hrleisten wir einen schonenden und sicheren Transport. Egal, ob Sie einen nationalen oder internationalen Transport durchf\u00fchren, mit Logigo Logistics k\u00f6nnen Sie Ihre Fl\u00fcssigfracht sicher transportieren. Wer Vertrauen und Professionalit\u00e4t sucht, ist bei Logigo f\u00fcr den Fl\u00fcssigkeitstransport an der richtigen Adresse.[\/vc_column_text][\/vc_column][\/vc_row]<\/p>\n<\/div>","protected":false},"excerpt":{"rendered":"<p>[vc_row][vc_column width=&#8220;1\/2&#8243;][vc_single_image image=&#8220;1014&#8243; img_size=&#8220;full&#8220; alignment=&#8220;center&#8220; style=&#8220;vc_box_outline&#8220; border_color=&#8220;juicy_pink&#8220; css=&#8220;&#8220;][\/vc_column][vc_column width=&#8220;1\/2&#8243;][vc_column_text css=&#8220;&#8220;]Logigo Logistics bietet speziell entwickelte Transportl\u00f6sungen f\u00fcr alle Arten von Fl\u00fcssigfracht, von fl\u00fcssigen Chemikalien bis hin zu Lebensmitteln. Mit hohen Sicherheitsma\u00dfnahmen, speziellen Tankwagen und Transportbedingungen, die den Hygienestandards entsprechen, erf\u00fcllen wir&#8230;<\/p>\n","protected":false},"author":1,"featured_media":0,"parent":0,"menu_order":0,"comment_status":"closed","ping_status":"closed","template":"","meta":{"footnotes":""},"class_list":["post-926","page","type-page","status-publish","hentry"],"_links":{"self":[{"href":"https:\/\/www.logi-go.com\/de\/wp-json\/wp\/v2\/pages\/926","targetHints":{"allow":["GET"]}}],"collection":[{"href":"https:\/\/www.logi-go.com\/de\/wp-json\/wp\/v2\/pages"}],"about":[{"href":"https:\/\/www.logi-go.com\/de\/wp-json\/wp\/v2\/types\/page"}],"author":[{"embeddable":true,"href":"https:\/\/www.logi-go.com\/de\/wp-json\/wp\/v2\/users\/1"}],"replies":[{"embeddable":true,"href":"https:\/\/www.logi-go.com\/de\/wp-json\/wp\/v2\/comments?post=926"}],"version-history":[{"count":8,"href":"https:\/\/www.logi-go.com\/de\/wp-json\/wp\/v2\/pages\/926\/revisions"}],"predecessor-version":[{"id":1123,"href":"https:\/\/www.logi-go.com\/de\/wp-json\/wp\/v2\/pages\/926\/revisions\/1123"}],"wp:attachment":[{"href":"https:\/\/www.logi-go.com\/de\/wp-json\/wp\/v2\/media?parent=926"}],"curies":[{"name":"wp","href":"https:\/\/api.w.org\/{rel}","templated":true}]}}