{"id":922,"date":"2024-12-22T11:52:19","date_gmt":"2024-12-22T11:52:19","guid":{"rendered":"http:\/\/www.logi-go.com\/?page_id=922"},"modified":"2025-05-28T14:40:25","modified_gmt":"2025-05-28T14:40:25","slug":"demiryolu","status":"publish","type":"page","link":"https:\/\/www.logi-go.com\/de\/demiryolu\/","title":{"rendered":"Schienent"},"content":{"rendered":"<div class=\"wpb-content-wrapper\"><p>[vc_row][vc_column width=&#8220;1\/2&#8243;][vc_single_image image=&#8220;1012&#8243; img_size=&#8220;full&#8220; alignment=&#8220;center&#8220; style=&#8220;vc_box_outline&#8220; border_color=&#8220;juicy_pink&#8220; css=&#8220;&#8220;][\/vc_column][vc_column width=&#8220;1\/2&#8243;][vc_column_text css=&#8220;&#8220;]Logigo Logistics unterst\u00fctzt Sie mit Schienentransporten, die eine wirtschaftliche und umweltfreundliche M\u00f6glichkeit f\u00fcr den Transport gro\u00dfer Frachtmengen \u00fcber weite Entfernungen bieten. Unser Schienentransportnetzwerk zwischen Europa und Asien bietet einen unterbrechungsfreien Service und unterst\u00fctzt Ihren Transport mit Kostenvorteilen. Der Schienenverkehr zeichnet sich insbesondere durch seine umweltfreundliche Ausgestaltung aus. Mit unseren den Sicherheitsstandards entsprechenden Transportmodellen liefern wir alle Ihre Gro\u00dfraumladungen p\u00fcnktlich und sicher aus. Logigo Logistics bietet ideale L\u00f6sungen f\u00fcr Unternehmen, die in ihrer Branche etwas bewegen m\u00f6chten.[\/vc_column_text][\/vc_column][\/vc_row]<\/p>\n<\/div>","protected":false},"excerpt":{"rendered":"<p>[vc_row][vc_column width=&#8220;1\/2&#8243;][vc_single_image image=&#8220;1012&#8243; img_size=&#8220;full&#8220; alignment=&#8220;center&#8220; style=&#8220;vc_box_outline&#8220; border_color=&#8220;juicy_pink&#8220; css=&#8220;&#8220;][\/vc_column][vc_column width=&#8220;1\/2&#8243;][vc_column_text css=&#8220;&#8220;]Logigo Logistics unterst\u00fctzt Sie mit Schienentransporten, die eine wirtschaftliche und umweltfreundliche M\u00f6glichkeit f\u00fcr den Transport gro\u00dfer Frachtmengen \u00fcber weite Entfernungen bieten. Unser Schienentransportnetzwerk zwischen Europa und Asien bietet einen unterbrechungsfreien Service&#8230;<\/p>\n","protected":false},"author":1,"featured_media":0,"parent":0,"menu_order":0,"comment_status":"closed","ping_status":"closed","template":"","meta":{"footnotes":""},"class_list":["post-922","page","type-page","status-publish","hentry"],"_links":{"self":[{"href":"https:\/\/www.logi-go.com\/de\/wp-json\/wp\/v2\/pages\/922","targetHints":{"allow":["GET"]}}],"collection":[{"href":"https:\/\/www.logi-go.com\/de\/wp-json\/wp\/v2\/pages"}],"about":[{"href":"https:\/\/www.logi-go.com\/de\/wp-json\/wp\/v2\/types\/page"}],"author":[{"embeddable":true,"href":"https:\/\/www.logi-go.com\/de\/wp-json\/wp\/v2\/users\/1"}],"replies":[{"embeddable":true,"href":"https:\/\/www.logi-go.com\/de\/wp-json\/wp\/v2\/comments?post=922"}],"version-history":[{"count":8,"href":"https:\/\/www.logi-go.com\/de\/wp-json\/wp\/v2\/pages\/922\/revisions"}],"predecessor-version":[{"id":1122,"href":"https:\/\/www.logi-go.com\/de\/wp-json\/wp\/v2\/pages\/922\/revisions\/1122"}],"wp:attachment":[{"href":"https:\/\/www.logi-go.com\/de\/wp-json\/wp\/v2\/media?parent=922"}],"curies":[{"name":"wp","href":"https:\/\/api.w.org\/{rel}","templated":true}]}}