{"id":918,"date":"2024-12-22T11:51:29","date_gmt":"2024-12-22T11:51:29","guid":{"rendered":"http:\/\/www.logi-go.com\/?page_id=918"},"modified":"2025-05-28T14:40:00","modified_gmt":"2025-05-28T14:40:00","slug":"intermodal-tasimacilik","status":"publish","type":"page","link":"https:\/\/www.logi-go.com\/de\/intermodal-tasimacilik\/","title":{"rendered":"Intermodal"},"content":{"rendered":"<div class=\"wpb-content-wrapper\"><p>[vc_row][vc_column width=&#8220;1\/2&#8243;][vc_single_image image=&#8220;1010&#8243; img_size=&#8220;full&#8220; alignment=&#8220;center&#8220; style=&#8220;vc_box_outline&#8220; border_color=&#8220;juicy_pink&#8220; css=&#8220;&#8220;][\/vc_column][vc_column width=&#8220;1\/2&#8243;][vc_column_text css=&#8220;&#8220;]Logigo Logistics, ein Experte f\u00fcr intermodalen Transport, bietet Ihnen durch die Kombination mehrerer Transportarten die flexibelsten, schnellsten und umweltfreundlichsten L\u00f6sungen. Wir steigern die Effizienz Ihrer Logistikabl\u00e4ufe durch die Kombination von Transportmodellen auf der Stra\u00dfe, der Schiene, in der Luft und auf dem Seeweg. Auf diese Weise sparen Sie Kosten und gewinnen Flexibilit\u00e4t in der Logistikkette. Unser Expertenteam ermittelt die beste Route und bietet f\u00fcr jedes Ihrer Projekte spezielle Transportl\u00f6sungen an. Entdecken Sie die Vorteile einer nachhaltigen und effizienten Logistik mit intermodalen Transporten. Wir sorgen f\u00fcr einen geringen CO2-Fu\u00dfabdruck im intermodalen Transport und erh\u00f6hen so die \u00f6kologische Nachhaltigkeit.[\/vc_column_text][\/vc_column][\/vc_row]<\/p>\n<\/div>","protected":false},"excerpt":{"rendered":"<p>[vc_row][vc_column width=&#8220;1\/2&#8243;][vc_single_image image=&#8220;1010&#8243; img_size=&#8220;full&#8220; alignment=&#8220;center&#8220; style=&#8220;vc_box_outline&#8220; border_color=&#8220;juicy_pink&#8220; css=&#8220;&#8220;][\/vc_column][vc_column width=&#8220;1\/2&#8243;][vc_column_text css=&#8220;&#8220;]Logigo Logistics, ein Experte f\u00fcr intermodalen Transport, bietet Ihnen durch die Kombination mehrerer Transportarten die flexibelsten, schnellsten und umweltfreundlichsten L\u00f6sungen. Wir steigern die Effizienz Ihrer Logistikabl\u00e4ufe durch die Kombination von Transportmodellen&#8230;<\/p>\n","protected":false},"author":1,"featured_media":0,"parent":0,"menu_order":0,"comment_status":"closed","ping_status":"closed","template":"","meta":{"footnotes":""},"class_list":["post-918","page","type-page","status-publish","hentry"],"_links":{"self":[{"href":"https:\/\/www.logi-go.com\/de\/wp-json\/wp\/v2\/pages\/918","targetHints":{"allow":["GET"]}}],"collection":[{"href":"https:\/\/www.logi-go.com\/de\/wp-json\/wp\/v2\/pages"}],"about":[{"href":"https:\/\/www.logi-go.com\/de\/wp-json\/wp\/v2\/types\/page"}],"author":[{"embeddable":true,"href":"https:\/\/www.logi-go.com\/de\/wp-json\/wp\/v2\/users\/1"}],"replies":[{"embeddable":true,"href":"https:\/\/www.logi-go.com\/de\/wp-json\/wp\/v2\/comments?post=918"}],"version-history":[{"count":8,"href":"https:\/\/www.logi-go.com\/de\/wp-json\/wp\/v2\/pages\/918\/revisions"}],"predecessor-version":[{"id":1121,"href":"https:\/\/www.logi-go.com\/de\/wp-json\/wp\/v2\/pages\/918\/revisions\/1121"}],"wp:attachment":[{"href":"https:\/\/www.logi-go.com\/de\/wp-json\/wp\/v2\/media?parent=918"}],"curies":[{"name":"wp","href":"https:\/\/api.w.org\/{rel}","templated":true}]}}