{"id":824,"date":"2024-12-20T21:47:32","date_gmt":"2024-12-20T21:47:32","guid":{"rendered":"http:\/\/www.logi-go.com\/?page_id=824"},"modified":"2025-05-28T14:10:01","modified_gmt":"2025-05-28T14:10:01","slug":"human-resources","status":"publish","type":"page","link":"https:\/\/www.logi-go.com\/de\/human-resources\/","title":{"rendered":"Personalwesen"},"content":{"rendered":"<div class=\"wpb-content-wrapper\"><p>[vc_row][vc_column width=&#8220;1\/2&#8243;][vc_empty_space height=&#8220;8px&#8220;][vc_single_image image=&#8220;995&#8243; img_size=&#8220;full&#8220; css=&#8220;&#8220;][\/vc_column][vc_column width=&#8220;1\/2&#8243;][vc_empty_space height=&#8220;8px&#8220;][vc_text_separator title=&#8220;Personalwesen&#8220; color=&#8220;black&#8220; css=&#8220;&#8220;][vc_empty_space height=&#8220;12px&#8220;][vc_column_text css=&#8220;&#8220;]<\/p>\n<p style=\"text-align: left;\">Wenn Sie auf der Suche nach einer dynamischen und innovativen Karrierechance im internationalen Logistiksektor sind, sind Sie hier richtig! Mit dem untenstehenden Formular k\u00f6nnen Sie Ihre Bewerbung an unser Personalteam senden, Ihren Lebenslauf mit uns teilen und den ersten Schritt machen, um Ihren Platz in unserer sich entwickelnden und wachsenden Organisation einzunehmen. Ihre Bewerbung wird von unserem professionellen Team sorgf\u00e4ltig gepr\u00fcft und Sie werden f\u00fcr geeignete Positionen kontaktiert.<\/p>\n<p style=\"text-align: left;\"><a href=\"mailto:info@logi-go.com\">info@logi-go.com<\/a><\/p>\n<p>[\/vc_column_text][\/vc_column][\/vc_row]<\/p>\n<\/div>","protected":false},"excerpt":{"rendered":"<p>[vc_row][vc_column width=&#8220;1\/2&#8243;][vc_empty_space height=&#8220;8px&#8220;][vc_single_image image=&#8220;995&#8243; img_size=&#8220;full&#8220; css=&#8220;&#8220;][\/vc_column][vc_column width=&#8220;1\/2&#8243;][vc_empty_space height=&#8220;8px&#8220;][vc_text_separator title=&#8220;Personalwesen&#8220; color=&#8220;black&#8220; css=&#8220;&#8220;][vc_empty_space height=&#8220;12px&#8220;][vc_column_text css=&#8220;&#8220;] Wenn Sie auf der Suche nach einer dynamischen und innovativen Karrierechance im internationalen Logistiksektor sind, sind Sie hier richtig! Mit dem untenstehenden Formular k\u00f6nnen Sie Ihre Bewerbung&#8230;<\/p>\n","protected":false},"author":1,"featured_media":0,"parent":0,"menu_order":0,"comment_status":"closed","ping_status":"closed","template":"","meta":{"footnotes":""},"class_list":["post-824","page","type-page","status-publish","hentry"],"_links":{"self":[{"href":"https:\/\/www.logi-go.com\/de\/wp-json\/wp\/v2\/pages\/824","targetHints":{"allow":["GET"]}}],"collection":[{"href":"https:\/\/www.logi-go.com\/de\/wp-json\/wp\/v2\/pages"}],"about":[{"href":"https:\/\/www.logi-go.com\/de\/wp-json\/wp\/v2\/types\/page"}],"author":[{"embeddable":true,"href":"https:\/\/www.logi-go.com\/de\/wp-json\/wp\/v2\/users\/1"}],"replies":[{"embeddable":true,"href":"https:\/\/www.logi-go.com\/de\/wp-json\/wp\/v2\/comments?post=824"}],"version-history":[{"count":13,"href":"https:\/\/www.logi-go.com\/de\/wp-json\/wp\/v2\/pages\/824\/revisions"}],"predecessor-version":[{"id":1097,"href":"https:\/\/www.logi-go.com\/de\/wp-json\/wp\/v2\/pages\/824\/revisions\/1097"}],"wp:attachment":[{"href":"https:\/\/www.logi-go.com\/de\/wp-json\/wp\/v2\/media?parent=824"}],"curies":[{"name":"wp","href":"https:\/\/api.w.org\/{rel}","templated":true}]}}