{"id":5,"date":"2014-11-11T11:09:47","date_gmt":"2014-11-11T11:09:47","guid":{"rendered":"http:\/\/anpsthemes.com\/constructo\/?page_id=5"},"modified":"2025-05-28T14:53:48","modified_gmt":"2025-05-28T14:53:48","slug":"home","status":"publish","type":"page","link":"https:\/\/www.logi-go.com\/de\/","title":{"rendered":"Home"},"content":{"rendered":"<div class=\"wpb-content-wrapper\"><p>[vc_row has_content=&#8220;true&#8220;][vc_column]\n\t\t\t\t<p class=\"rs-p-wp-fix\"><\/p>\n\t\t\t\t<sr7-module data-alias=\"main-slider-11\" data-id=\"11\" id=\"SR7_11_10\" class=\"rs-ov-hidden\" data-version=\"6.7.24\">\n\t\t\t\t\t<sr7-adjuster><\/sr7-adjuster>\n\t\t\t\t\t<sr7-content>\n\t\t\t\t\t\t<sr7-slide id=\"SR7_11_10-24\" data-key=\"24\">\n\t\t\t\t\t\t\t<sr7-bg id=\"SR7_11_10-24-11\" class=\"sr7-layer\"><noscript><img decoding=\"async\" src=\"http:\/\/www.logi-go.com\/wp-content\/uploads\/2024\/12\/Bir-bas\u0327lik-ekleyin-1920-x-550-piksel.jpg\" alt=\"\" title=\"Bir bas\u0327l\u0131k ekleyin (1920 x 550 piksel)\"><\/noscript><\/sr7-bg>\n\t\t\t\t\t\t\t<sr7-txt id=\"SR7_11_10-24-1\" class=\"sr7-layer\">Logigo Logistic<\/sr7-txt>\n\t\t\t\t\t\t\t<sr7-txt id=\"SR7_11_10-24-2\" class=\"sr7-layer\">Mit globalen Transportl\u00f6sungen bieten wir grenz\u00fcberschreitende Dienstleistungen an.<br \/>\nErweitern Sie Ihr Gesch\u00e4ft mit sicheren, schnellen und flexiblen Logistikl\u00f6sungen!<\/sr7-txt>\n\t\t\t\t\t\t\t<sr7-txt id=\"SR7_11_10-24-4\" class=\"sr7-layer\">Internationale Transporte<\/sr7-txt>\n\t\t\t\t\t\t\t<a id=\"SR7_11_10-24-9\" class=\"sr7-layer\" href=\"http:\/\/www.logi-go.com\/iletisim\/\" target=\"_self\">KONTAKT<\/a>\n\t\t\t\t\t\t\t<a id=\"SR7_11_10-24-10\" class=\"sr7-layer\" href=\"http:\/\/www.logi-go.com\/hakkimizda\/\" target=\"_self\">\u00dcBER UNS<\/a>\n\t\t\t\t\t\t<\/sr7-slide>\n\t\t\t\t\t\t<sr7-slide id=\"SR7_11_10-25\" data-key=\"25\">\n\t\t\t\t\t\t<\/sr7-slide>\n\t\t\t\t\t<\/sr7-content>\n\t\t\t\t\t<image_lists style=\"display:none\">\n\t\t\t\t\t\t<img data-src=\"\/\/www.logi-go.com\/wp-content\/uploads\/2024\/12\/Bir-bas\u0327lik-ekleyin-1920-x-550-piksel.jpg\" data-libid=\"835\" data-lib=\"medialibrary\" title=\"Bir bas\u0327l\u0131k ekleyin (1920 x 550 piksel)\" width=\"0\" height=\"0\" data-dbsrc=\"Ly93d3cubG9naS1nby5jb20vd3AtY29udGVudC91cGxvYWRzLzIwMjQvMTIvQmlyLWJhc8ynbGlrLWVrbGV5aW4tMTkyMC14LTU1MC1waWtzZWwuanBn\"\/>\n\t\t\t\t\t<\/image_lists>\n\t\t\t\t<\/sr7-module>\n\t\t\t\t<script>\n\t\t\t\t\tSR7.PMH ??={}; SR7.PMH[\"SR7_11_10\"] = {cn:100,state:false,fn: function() { if (_tpt!==undefined && _tpt.prepareModuleHeight !== undefined) {  _tpt.prepareModuleHeight({id:\"SR7_11_10\",el:[550,550,450,500,500],type:'standard',shdw:'0',gh:[550,550,450,500,500],gw:[1920,1920,1024,778,480],vpt:['-100px&#039;,&#039;-100px&#039;,&#039;-100px&#039;,&#039;-100px&#039;,&#039;-100px'],size:{fullWidth:true, fullHeight:false},mh:'0',onh:0,onw:0,bg:{color:'{\"type\":\"solid\",\"orig\":\"#E9E9E9\",\"string\":\"rgba(233, 233, 233, 1)\"}'},plType:'0',plColor:'#FFFFFF'});   SR7.PMH[\"SR7_11_10\"].state=true;} else if(SR7.PMH[\"SR7_11_10\"].cn-->0)\tsetTimeout( SR7.PMH[\"SR7_11_10\"].fn,19);}};SR7.PMH[\"SR7_11_10\" ].fn();\n\t\t\t\t<\/script>\n[\/vc_column][\/vc_row][vc_row][vc_column]\n\t\t\t\t<p class=\"rs-p-wp-fix\"><\/p>\n\t\t\t\t<sr7-module data-alias=\"hakkimizda1-11\" data-id=\"12\" id=\"SR7_12_11\" class=\"rs-ov-hidden\" data-version=\"6.7.24\">\n\t\t\t\t\t<sr7-adjuster><\/sr7-adjuster>\n\t\t\t\t\t<sr7-content>\n\t\t\t\t\t\t<sr7-slide id=\"SR7_12_11-26\" data-key=\"26\">\n\t\t\t\t\t\t\t<a id=\"SR7_12_11-26-2\" class=\"sr7-layer\" href=\"http:\/\/www.logi-go.com\/hakkimizda\/\" target=\"_self\">\u00dcBER UNS<\/a>\n\t\t\t\t\t\t\t<sr7-txt id=\"SR7_12_11-26-3\" class=\"sr7-layer\">Wer sind wir?<\/sr7-txt>\n\t\t\t\t\t\t\t<sr7-txt id=\"SR7_12_11-26-5\" class=\"sr7-layer\">Unser Unternehmen ist im Logistik- und Transportsektor t\u00e4tig und bietet ein breites Leistungsspektrum an, um alle Arten von Transportbed\u00fcrfnissen zu erf\u00fcllen. Wir sind auf den Stra\u00dfen-, Luft-, See-, Schienen- und intermodalen Transport spezialisiert und ein etabliertes Unternehmen, das weltweit sichere und termingerechte Lieferungen gew\u00e4hrleistet. Dar\u00fcber hinaus decken wir mit zus\u00e4tzlichen Dienstleistungen wie Fl\u00fcssigkeitstransport, Lagerung, Zollabfertigung und Umzugstransport umfassend alle logistischen Anforderungen unserer Kunden ab.<br \/>\n<br \/>\nUnser Unternehmen bietet ebenfalls Dienstleistungen in sensiblen und speziellen Bereichen wie dem Transport von Gefahrgut sowie Waffen- und Munitionslogistik an. Mit unserer Erfahrung im Bereich des Schwerlasttransports, des Transports von \u00fcbergro\u00dfen G\u00fctern (Oversize) und Projektlogistik bieten wir auch in diesen Segmenten zuverl\u00e4ssige L\u00f6sungen an.<\/sr7-txt>\n\t\t\t\t\t\t<\/sr7-slide>\n\t\t\t\t\t\t<sr7-slide id=\"SR7_12_11-27\" data-key=\"27\">\n\t\t\t\t\t\t<\/sr7-slide>\n\t\t\t\t\t<\/sr7-content>\n\t\t\t\t\t<image_lists style=\"display:none\">\n\t\t\t\t\t\t<img data-src=\"\/\/www.logi-go.com\/wp-content\/uploads\/2024\/12\/company.jpg\" data-libid=\"838\" data-lib=\"medialibrary\" title=\"company\" width=\"0\" height=\"0\" data-dbsrc=\"Ly93d3cubG9naS1nby5jb20vd3AtY29udGVudC91cGxvYWRzLzIwMjQvMTIvY29tcGFueS5qcGc=\"\/>\n\t\t\t\t\t<\/image_lists>\n\t\t\t\t<\/sr7-module>\n\t\t\t\t<script>\n\t\t\t\t\tSR7.PMH ??={}; SR7.PMH[\"SR7_12_11\"] = {cn:100,state:false,fn: function() { if (_tpt!==undefined && _tpt.prepareModuleHeight !== undefined) {  _tpt.prepareModuleHeight({id:\"SR7_12_11\",el:[720,720,720,720,1050],type:'standard',shdw:'0',gh:[720,720,720,720,1050],gw:[1920,1920,1920,1920,480],vpt:['-100px&#039;,&#039;-100px&#039;,&#039;-100px&#039;,&#039;-100px&#039;,&#039;-100px'],size:{fullWidth:true, fullHeight:false},mh:'0',onh:0,onw:0,bg:{color:'{\"orig\":\"transparent\",\"type\":\"solid\",\"string\":\"transparent\"}'}});   SR7.PMH[\"SR7_12_11\"].state=true;} else if(SR7.PMH[\"SR7_12_11\"].cn-->0)\tsetTimeout( SR7.PMH[\"SR7_12_11\"].fn,19);}};SR7.PMH[\"SR7_12_11\" ].fn();\n\t\t\t\t<\/script>\n[\/vc_column][\/vc_row][vc_row][vc_column]\n\t\t\t\t<p class=\"rs-p-wp-fix\"><\/p>\n\t\t\t\t<sr7-module data-alias=\"slider-2-11\" data-id=\"13\" id=\"SR7_13_12\" class=\"rs-ov-hidden\" data-version=\"6.7.24\">\n\t\t\t\t\t<sr7-adjuster><\/sr7-adjuster>\n\t\t\t\t\t<sr7-content>\n\t\t\t\t\t\t<sr7-slide id=\"SR7_13_12-28\" data-key=\"28\">\n\t\t\t\t\t\t\t<sr7-txt id=\"SR7_13_12-28-3\" class=\"sr7-layer\">Haben Sie Fragen?<\/sr7-txt>\n\t\t\t\t\t\t\t<sr7-txt id=\"SR7_13_12-28-4\" class=\"sr7-layer\">F\u00fcr all Ihre Fragen und Transportl\u00f6sungen k\u00f6nnen Sie uns \u00fcber die Kontaktinformationen auf unserer Website erreichen und detaillierte Informationen erhalten.<\/sr7-txt>\n\t\t\t\t\t\t\t<a id=\"SR7_13_12-28-5\" class=\"sr7-layer\" href=\"http:\/\/www.logi-go.com\/iletisim\/\" target=\"_self\">KONTAKT<\/a>\n\t\t\t\t\t\t<\/sr7-slide>\n\t\t\t\t\t\t<sr7-slide id=\"SR7_13_12-29\" data-key=\"29\">\n\t\t\t\t\t\t<\/sr7-slide>\n\t\t\t\t\t<\/sr7-content>\n\t\t\t\t\t<image_lists style=\"display:none\">\n\t\t\t\t\t\t<img data-src=\"\/\/www.logi-go.com\/wp-content\/uploads\/revslider\/slider-2\/619298ba1a7c1-min-2-scaled-1.jpeg\" data-libid=\"840\" data-lib=\"medialibrary\" title=\"619298ba1a7c1-min-2-scaled-1.jpeg\" width=\"0\" height=\"0\" data-dbsrc=\"Ly93d3cubG9naS1nby5jb20vd3AtY29udGVudC91cGxvYWRzL3JldnNsaWRlci9zbGlkZXItMi82MTkyOThiYTFhN2MxLW1pbi0yLXNjYWxlZC0xLmpwZWc=\"\/>\n\t\t\t\t\t\t<img data-src=\"\/\/www.agecargo.com.tr\/wp-content\/uploads\/2024\/06\/Yeni-Proje-2024-06-26T203249.246.jpg\" data-lib=\"medialibrary\" width=\"0\" height=\"0\" data-dbsrc=\"Ly93d3cuYWdlY2FyZ28uY29tLnRyL3dwLWNvbnRlbnQvdXBsb2Fkcy8yMDI0LzA2L1llbmktUHJvamUtMjAyNC0wNi0yNlQyMDMyNDkuMjQ2LmpwZw==\"\/>\n\t\t\t\t\t<\/image_lists>\n\t\t\t\t<\/sr7-module>\n\t\t\t\t<script>\n\t\t\t\t\tSR7.PMH ??={}; SR7.PMH[\"SR7_13_12\"] = {cn:100,state:false,fn: function() { if (_tpt!==undefined && _tpt.prepareModuleHeight !== undefined) {  _tpt.prepareModuleHeight({id:\"SR7_13_12\",el:[300,300,300,300,300],type:'standard',shdw:'0',gh:[300,300,300,300,300],gw:[1920,1920,1920,1920,480],vpt:['-100px&#039;,&#039;-100px&#039;,&#039;-100px&#039;,&#039;-100px&#039;,&#039;-100px'],size:{fullWidth:true, fullHeight:false},mh:'0',onh:0,onw:0,bg:{color:'{\"orig\":\"transparent\",\"type\":\"solid\",\"string\":\"transparent\"}'}});   SR7.PMH[\"SR7_13_12\"].state=true;} else if(SR7.PMH[\"SR7_13_12\"].cn-->0)\tsetTimeout( SR7.PMH[\"SR7_13_12\"].fn,19);}};SR7.PMH[\"SR7_13_12\" ].fn();\n\t\t\t\t<\/script>\n[\/vc_column][\/vc_row][vc_row][vc_column][vc_column_text css=&#8220;&#8220;]<\/p>\n<h2>Unsere Dienstleistungen<\/h2>\n<p>[\/vc_column_text][\/vc_column][\/vc_row][vc_row][vc_column width=&#8220;1\/4&#8243;][vc_empty_space height=&#8220;20px&#8220;][vc_single_image image=&#8220;847&#8243; img_size=&#8220;full&#8220; alignment=&#8220;center&#8220; style=&#8220;vc_box_border&#8220; onclick=&#8220;custom_link&#8220; css=&#8220;&#8220; link=&#8220;http:\/\/www.logi-go.com\/de\/karayolu-tasimacilik\/&#8220;][vc_empty_space height=&#8220;2px&#8220;][vc_column_text css=&#8220;&#8220;]<\/p>\n<h3 style=\"text-align: center;\"><a href=\"http:\/\/www.logi-go.com\/de\/karayolu-tasimacilik\/\"><strong>Stra\u00dfentransport<\/strong><\/a><\/h3>\n<p>[\/vc_column_text][\/vc_column][vc_column width=&#8220;1\/4&#8243;][vc_empty_space height=&#8220;20px&#8220;][vc_single_image image=&#8220;850&#8243; img_size=&#8220;full&#8220; alignment=&#8220;center&#8220; style=&#8220;vc_box_border&#8220; onclick=&#8220;custom_link&#8220; css=&#8220;&#8220; link=&#8220;https:\/\/www.logi-go.com\/de\/havayolu-tasimacilik\/&#8220;][vc_empty_space height=&#8220;2px&#8220;][vc_column_text css=&#8220;&#8220;]<\/p>\n<h3 style=\"text-align: center;\"><a href=\"https:\/\/www.logi-go.com\/de\/havayolu-tasimacilik\/\"><strong>Luftfracht<\/strong><\/a><\/h3>\n<p>[\/vc_column_text][\/vc_column][vc_column width=&#8220;1\/4&#8243;][vc_empty_space height=&#8220;20px&#8220;][vc_single_image image=&#8220;852&#8243; img_size=&#8220;full&#8220; alignment=&#8220;center&#8220; style=&#8220;vc_box_border&#8220; onclick=&#8220;custom_link&#8220; css=&#8220;&#8220; link=&#8220;https:\/\/www.logi-go.com\/de\/denizyolu-tasimacilik\/&#8220;][vc_empty_space height=&#8220;2px&#8220;][vc_column_text css=&#8220;&#8220;]<\/p>\n<h3 style=\"text-align: center;\"><a href=\"https:\/\/www.logi-go.com\/de\/denizyolu-tasimacilik\/\"><strong>Seefracht<\/strong><\/a><\/h3>\n<p>[\/vc_column_text][\/vc_column][vc_column width=&#8220;1\/4&#8243;][vc_empty_space height=&#8220;20px&#8220;][vc_single_image image=&#8220;854&#8243; img_size=&#8220;full&#8220; alignment=&#8220;center&#8220; style=&#8220;vc_box_border&#8220; onclick=&#8220;custom_link&#8220; css=&#8220;&#8220; link=&#8220;https:\/\/www.logi-go.com\/de\/intermodal-tasimacilik\/&#8220;][vc_empty_space height=&#8220;2px&#8220;][vc_column_text css=&#8220;&#8220;]<\/p>\n<h3 style=\"text-align: center;\"><a href=\"https:\/\/www.logi-go.com\/de\/intermodal-tasimacilik\/\"><strong>Intermodal<\/strong><\/a><\/h3>\n<p>[\/vc_column_text][\/vc_column][\/vc_row][vc_row][vc_column width=&#8220;1\/4&#8243;][vc_empty_space height=&#8220;10px&#8220;][vc_single_image image=&#8220;856&#8243; img_size=&#8220;full&#8220; alignment=&#8220;center&#8220; style=&#8220;vc_box_border&#8220; onclick=&#8220;custom_link&#8220; css=&#8220;&#8220; link=&#8220;http:\/\/www.logi-go.com\/de\/demiryolu\/&#8220;][vc_empty_space height=&#8220;8px&#8220;][vc_column_text css=&#8220;&#8220;]<\/p>\n<h3 style=\"text-align: center;\"><a href=\"http:\/\/www.logi-go.com\/de\/demiryolu\/\"><strong>Schienent<\/strong><\/a><\/h3>\n<p>[\/vc_column_text][\/vc_column][vc_column width=&#8220;1\/4&#8243;][vc_empty_space height=&#8220;10px&#8220;][vc_single_image image=&#8220;858&#8243; img_size=&#8220;full&#8220; alignment=&#8220;center&#8220; style=&#8220;vc_box_border&#8220; onclick=&#8220;custom_link&#8220; css=&#8220;&#8220; link=&#8220;http:\/\/www.logi-go.com\/de\/likit-tasimacilik\/&#8220;][vc_empty_space height=&#8220;8px&#8220;][vc_column_text css=&#8220;&#8220;]<\/p>\n<h3 style=\"text-align: center;\"><a href=\"http:\/\/www.logi-go.com\/de\/likit-tasimacilik\/\"><strong>Fl\u00fcssigkeits<\/strong><\/a><\/h3>\n<p>[\/vc_column_text][\/vc_column][vc_column width=&#8220;1\/4&#8243;][vc_empty_space height=&#8220;10px&#8220;][vc_single_image image=&#8220;860&#8243; img_size=&#8220;full&#8220; alignment=&#8220;center&#8220; style=&#8220;vc_box_border&#8220; onclick=&#8220;custom_link&#8220; css=&#8220;&#8220; link=&#8220;http:\/\/www.logi-go.com\/de\/depolama-hizmeti\/&#8220;][vc_empty_space height=&#8220;8px&#8220;][vc_column_text css=&#8220;&#8220;]<\/p>\n<h3 style=\"text-align: center;\"><a href=\"http:\/\/www.logi-go.com\/de\/depolama-hizmeti\/\"><strong>Lagerung<\/strong><\/a><\/h3>\n<p>[\/vc_column_text][\/vc_column][vc_column width=&#8220;1\/4&#8243;][vc_empty_space height=&#8220;10px&#8220;][vc_single_image image=&#8220;861&#8243; img_size=&#8220;full&#8220; alignment=&#8220;center&#8220; style=&#8220;vc_box_border&#8220; onclick=&#8220;custom_link&#8220; css=&#8220;&#8220; link=&#8220;http:\/\/www.logi-go.com\/de\/gumrukleme\/&#8220;][vc_empty_space height=&#8220;8px&#8220;][vc_column_text css=&#8220;&#8220;]<\/p>\n<h3 style=\"text-align: center;\"><a href=\"http:\/\/www.logi-go.com\/de\/gumrukleme\/\"><strong>Zollabfertigung<\/strong><\/a><\/h3>\n<p>[\/vc_column_text][\/vc_column][\/vc_row][vc_row][vc_column][vc_column_text css=&#8220;&#8220;]<\/p>\n<h3 style=\"text-align: center;\"><a href=\"https:\/\/www.logi-go.com\/de\/hizmetlerimiz\/\"><strong>Alle anzeigen &gt;<\/strong><\/a><\/h3>\n<p>[\/vc_column_text][\/vc_column][\/vc_row][vc_row][vc_column][vc_empty_space]\n\t\t\t\t<p class=\"rs-p-wp-fix\"><\/p>\n\t\t\t\t<sr7-module data-alias=\"slider-1-11\" data-id=\"14\" id=\"SR7_14_13\" class=\"rs-ov-hidden\" data-version=\"6.7.24\">\n\t\t\t\t\t<sr7-adjuster><\/sr7-adjuster>\n\t\t\t\t\t<sr7-content>\n\t\t\t\t\t\t<sr7-slide id=\"SR7_14_13-30\" data-key=\"30\">\n\t\t\t\t\t\t\t<sr7-bg id=\"SR7_14_13-30-4\" class=\"sr7-layer\"><noscript><img decoding=\"async\" src=\"http:\/\/www.logi-go.com\/wp-content\/uploads\/2024\/12\/Birkac\u0327-satir-go\u0308vde-metni-ekle-5.jpg\" alt=\"\" title=\"Birkac\u0327 sat\u0131r go\u0308vde metni ekle (5)\"><\/noscript><\/sr7-bg>\n\t\t\t\t\t\t\t<sr7-txt id=\"SR7_14_13-30-1\" class=\"sr7-layer\">E-Newsletter-Abonnement<br \/>\n<\/sr7-txt>\n\t\t\t\t\t\t\t<sr7-txt id=\"SR7_14_13-30-2\" class=\"sr7-layer\"><div class=\"forminator-ui forminator-custom-form forminator-custom-form-867 forminator-design--material  forminator_ajax\" data-forminator-render=\"2\" data-form=\"forminator-module-867\" data-uid=\"69e9df9b84b6d\"><br\/><\/div><form\n\t\t\t\tid=\"forminator-module-867\"\n\t\t\t\tclass=\"forminator-ui forminator-custom-form forminator-custom-form-867 forminator-design--material  forminator_ajax\"\n\t\t\t\tmethod=\"post\"\n\t\t\t\tdata-forminator-render=\"2\"\n\t\t\t\tdata-form-id=\"867\"\n\t\t\t\t data-color-option=\"theme\" data-design=\"material\" data-grid=\"open\" style=\"display: none;\"\n\t\t\t\tdata-uid=\"69e9df9b84b6d\"\n\t\t\t><div role=\"alert\" aria-live=\"polite\" class=\"forminator-response-message forminator-error\" aria-hidden=\"true\"><\/div><div class=\"forminator-row\"><div id=\"phone-1\" class=\"forminator-field-phone forminator-col forminator-col-12 \"><div class=\"forminator-field\"><input type=\"text\" name=\"phone-1\" value=\"\" placeholder=\"Telefon Numaran\u0131z\" id=\"forminator-field-phone-1_69e9df9b84b6d\" class=\"forminator-input forminator-field--phone\" data-required=\"\" aria-required=\"false\" autocomplete=\"off\" \/><\/div><\/div><\/div><input type=\"hidden\" name=\"referer_url\" value=\"\" \/><div class=\"forminator-row forminator-row-last\"><div class=\"forminator-col\"><div class=\"forminator-field\"><button class=\"forminator-button forminator-button-submit\"><span>Mesaj G&ouml;nder<\/span><span aria-hidden=\"true\"><\/span><\/button><\/div><\/div><\/div><input type=\"hidden\" id=\"forminator_nonce\" name=\"forminator_nonce\" value=\"71f773661a\" \/><input type=\"hidden\" name=\"_wp_http_referer\" value=\"\/de\/wp-json\/wp\/v2\/pages\/5\" \/><input type=\"hidden\" name=\"form_id\" value=\"867\"><input type=\"hidden\" name=\"page_id\" value=\"5\"><input type=\"hidden\" name=\"form_type\" value=\"default\"><input type=\"hidden\" name=\"current_url\" value=\"https:\/\/www.logi-go.com\/de\/\"><input type=\"hidden\" name=\"render_id\" value=\"2\"><input type=\"hidden\" name=\"action\" value=\"forminator_submit_form_custom-forms\"><\/form><\/sr7-txt>\n\t\t\t\t\t\t\t<sr7-txt id=\"SR7_14_13-30-3\" class=\"sr7-layer\">Abonnieren Sie uns, um von den Vorteilen von Logigo zu profitieren und \u00fcber aktuelle Preisentwicklungen informiert zu bleiben.<\/sr7-txt>\n\t\t\t\t\t\t<\/sr7-slide>\n\t\t\t\t\t\t<sr7-slide id=\"SR7_14_13-31\" data-key=\"31\">\n\t\t\t\t\t\t<\/sr7-slide>\n\t\t\t\t\t<\/sr7-content>\n\t\t\t\t\t<image_lists style=\"display:none\">\n\t\t\t\t\t\t<img data-src=\"\/\/www.logi-go.com\/wp-content\/uploads\/2024\/12\/Birkac\u0327-satir-go\u0308vde-metni-ekle-5.jpg\" data-libid=\"864\" data-lib=\"medialibrary\" title=\"Birkac\u0327 sat\u0131r go\u0308vde metni ekle (5)\" width=\"0\" height=\"0\" data-dbsrc=\"Ly93d3cubG9naS1nby5jb20vd3AtY29udGVudC91cGxvYWRzLzIwMjQvMTIvQmlya2FjzKctc2F0aXItZ2\/MiHZkZS1tZXRuaS1la2xlLTUuanBn\"\/>\n\t\t\t\t\t<\/image_lists>\n\t\t\t\t<\/sr7-module>\n\t\t\t\t<script>\n\t\t\t\t\tSR7.PMH ??={}; SR7.PMH[\"SR7_14_13\"] = {cn:100,state:false,fn: function() { if (_tpt!==undefined && _tpt.prepareModuleHeight !== undefined) {  _tpt.prepareModuleHeight({id:\"SR7_14_13\",el:[300,300,300,300,300],type:'standard',shdw:'0',gh:[300,300,300,300,300],gw:[1920,1920,1920,1920,480],vpt:['-100px&#039;,&#039;-100px&#039;,&#039;-100px&#039;,&#039;-100px&#039;,&#039;-100px'],size:{fullWidth:true, fullHeight:false},mh:'0',onh:0,onw:0,bg:{color:'{\"orig\":\"transparent\",\"type\":\"solid\",\"string\":\"transparent\"}'}});   SR7.PMH[\"SR7_14_13\"].state=true;} else if(SR7.PMH[\"SR7_14_13\"].cn-->0)\tsetTimeout( SR7.PMH[\"SR7_14_13\"].fn,19);}};SR7.PMH[\"SR7_14_13\" ].fn();\n\t\t\t\t<\/script>\n[\/vc_column][\/vc_row][vc_row][vc_column]\n\t\t\t\t<p class=\"rs-p-wp-fix\"><\/p>\n\t\t\t\t<sr7-module data-alias=\"main-slider-1-11-11\" data-id=\"15\" id=\"SR7_15_14\" class=\"rs-ov-hidden\" data-version=\"6.7.24\">\n\t\t\t\t\t<sr7-adjuster><\/sr7-adjuster>\n\t\t\t\t\t<sr7-content>\n\t\t\t\t\t\t<sr7-slide id=\"SR7_15_14-32\" data-key=\"32\">\n\t\t\t\t\t\t\t<sr7-txt id=\"SR7_15_14-32-1\" class=\"sr7-layer\">Schnelle Lieferung<\/sr7-txt>\n\t\t\t\t\t\t\t<sr7-txt id=\"SR7_15_14-32-4\" class=\"sr7-layer\">Lieferung innerhalb der Beschaffungszeit<\/sr7-txt>\n\t\t\t\t\t\t\t<sr7-txt id=\"SR7_15_14-32-6\" class=\"sr7-layer\">Dienstleistung in 208 L\u00e4ndern<\/sr7-txt>\n\t\t\t\t\t\t\t<sr7-txt id=\"SR7_15_14-32-8\" class=\"sr7-layer\">In alle europ\u00e4ischen L\u00e4nder<\/sr7-txt>\n\t\t\t\t\t\t\t<sr7-txt id=\"SR7_15_14-32-12\" class=\"sr7-layer\">Ihre Sendungen sind abgesichert<\/sr7-txt>\n\t\t\t\t\t\t\t<sr7-txt id=\"SR7_15_14-32-16\" class=\"sr7-layer\">Zuverl\u00e4ssige Lieferung<\/sr7-txt>\n\t\t\t\t\t\t<\/sr7-slide>\n\t\t\t\t\t\t<sr7-slide id=\"SR7_15_14-33\" data-key=\"33\">\n\t\t\t\t\t\t<\/sr7-slide>\n\t\t\t\t\t<\/sr7-content>\n\t\t\t\t\t<image_lists style=\"display:none\">\n\t\t\t\t\t\t<img data-src=\"\/\/www.logi-go.com\/wp-content\/uploads\/revslider\/main-slider-1-11\/continents-of-earth-1-1.png\" data-libid=\"868\" data-lib=\"medialibrary\" title=\"continents-of-earth-1-1.png\" width=\"0\" height=\"0\" data-dbsrc=\"Ly93d3cubG9naS1nby5jb20vd3AtY29udGVudC91cGxvYWRzL3JldnNsaWRlci9tYWluLXNsaWRlci0xLTExL2NvbnRpbmVudHMtb2YtZWFydGgtMS0xLnBuZw==\"\/>\n\t\t\t\t\t\t<img data-src=\"\/\/www.ethastore.com\/wp-content\/uploads\/2022\/08\/1-ezgif-4-22fa47c67a.png\" width=\"0\" height=\"0\" data-dbsrc=\"Ly93d3cuZXRoYXN0b3JlLmNvbS93cC1jb250ZW50L3VwbG9hZHMvMjAyMi8wOC8xLWV6Z2lmLTQtMjJmYTQ3YzY3YS5wbmc=\"\/>\n\t\t\t\t\t\t<img data-src=\"\/\/www.logi-go.com\/wp-content\/uploads\/revslider\/main-slider-1-11\/continents-of-earth-1.png\" data-libid=\"869\" data-lib=\"medialibrary\" title=\"continents-of-earth-1.png\" width=\"0\" height=\"0\" data-dbsrc=\"Ly93d3cubG9naS1nby5jb20vd3AtY29udGVudC91cGxvYWRzL3JldnNsaWRlci9tYWluLXNsaWRlci0xLTExL2NvbnRpbmVudHMtb2YtZWFydGgtMS5wbmc=\"\/>\n\t\t\t\t\t\t<img data-src=\"\/\/www.logi-go.com\/wp-content\/uploads\/revslider\/main-slider-1-11\/shield-1-1.png\" data-libid=\"870\" data-lib=\"medialibrary\" title=\"shield-1-1.png\" width=\"0\" height=\"0\" data-dbsrc=\"Ly93d3cubG9naS1nby5jb20vd3AtY29udGVudC91cGxvYWRzL3JldnNsaWRlci9tYWluLXNsaWRlci0xLTExL3NoaWVsZC0xLTEucG5n\"\/>\n\t\t\t\t\t\t<img data-src=\"\/\/www.logi-go.com\/wp-content\/uploads\/revslider\/main-slider-1-11\/shield-1.png\" data-libid=\"871\" data-lib=\"medialibrary\" title=\"shield-1.png\" width=\"0\" height=\"0\" data-dbsrc=\"Ly93d3cubG9naS1nby5jb20vd3AtY29udGVudC91cGxvYWRzL3JldnNsaWRlci9tYWluLXNsaWRlci0xLTExL3NoaWVsZC0xLnBuZw==\"\/>\n\t\t\t\t\t\t<img data-src=\"\/\/www.logi-go.com\/wp-content\/uploads\/2024\/12\/Adsiz-tasarim-7-1.png\" data-libid=\"817\" data-lib=\"medialibrary\" title=\"Ads\u0131z tasar\u0131m (7) (1)\" width=\"0\" height=\"0\" data-dbsrc=\"Ly93d3cubG9naS1nby5jb20vd3AtY29udGVudC91cGxvYWRzLzIwMjQvMTIvQWRzaXotdGFzYXJpbS03LTEucG5n\"\/>\n\t\t\t\t\t\t<img data-src=\"\/\/www.logi-go.com\/wp-content\/uploads\/2024\/12\/pngwing.com-4.png\" data-libid=\"873\" data-lib=\"medialibrary\" title=\"pngwing.com (4)\" width=\"0\" height=\"0\" data-dbsrc=\"Ly93d3cubG9naS1nby5jb20vd3AtY29udGVudC91cGxvYWRzLzIwMjQvMTIvcG5nd2luZy5jb20tNC5wbmc=\"\/>\n\t\t\t\t\t\t<img data-src=\"\/\/www.ethastore.com\/wp-content\/uploads\/2022\/08\/ezgif-4-ab1886dc66.png\" data-lib=\"medialibrary\" width=\"0\" height=\"0\" data-dbsrc=\"Ly93d3cuZXRoYXN0b3JlLmNvbS93cC1jb250ZW50L3VwbG9hZHMvMjAyMi8wOC9lemdpZi00LWFiMTg4NmRjNjYucG5n\"\/>\n\t\t\t\t\t<\/image_lists>\n\t\t\t\t<\/sr7-module>\n\t\t\t\t<script>\n\t\t\t\t\tSR7.PMH ??={}; SR7.PMH[\"SR7_15_14\"] = {cn:100,state:false,fn: function() { if (_tpt!==undefined && _tpt.prepareModuleHeight !== undefined) {  _tpt.prepareModuleHeight({id:\"SR7_15_14\",el:[350,350,450,500,600],type:'hero',shdw:'0',gh:[350,350,450,500,600],gw:[1849,1849,1024,778,480],vpt:['-100px&#039;,&#039;-100px&#039;,&#039;-100px&#039;,&#039;-100px&#039;,&#039;-100px'],size:{fullWidth:true, fullHeight:false},mh:'0',onh:0,onw:0,bg:{color:'{\"type\":\"solid\",\"orig\":\"#E9E9E9\",\"string\":\"rgba(233, 233, 233, 1)\"}'},plType:'0',plColor:'#FFFFFF'});   SR7.PMH[\"SR7_15_14\"].state=true;} else if(SR7.PMH[\"SR7_15_14\"].cn-->0)\tsetTimeout( SR7.PMH[\"SR7_15_14\"].fn,19);}};SR7.PMH[\"SR7_15_14\" ].fn();\n\t\t\t\t<\/script>\n[\/vc_column][\/vc_row]<\/p>\n<\/div>","protected":false},"excerpt":{"rendered":"<p>[vc_row has_content=&#8220;true&#8220;][vc_column][\/vc_column][\/vc_row][vc_row][vc_column][\/vc_column][\/vc_row][vc_row][vc_column][\/vc_column][\/vc_row][vc_row][vc_column][vc_column_text css=&#8220;&#8220;] Unsere Dienstleistungen [\/vc_column_text][\/vc_column][\/vc_row][vc_row][vc_column width=&#8220;1\/4&#8243;][vc_empty_space height=&#8220;20px&#8220;][vc_single_image image=&#8220;847&#8243; img_size=&#8220;full&#8220; alignment=&#8220;center&#8220; style=&#8220;vc_box_border&#8220; onclick=&#8220;custom_link&#8220; css=&#8220;&#8220; link=&#8220;http:\/\/www.logi-go.com\/de\/karayolu-tasimacilik\/&#8220;][vc_empty_space height=&#8220;2px&#8220;][vc_column_text css=&#8220;&#8220;] Stra\u00dfentransport [\/vc_column_text][\/vc_column][vc_column width=&#8220;1\/4&#8243;][vc_empty_space height=&#8220;20px&#8220;][vc_single_image image=&#8220;850&#8243; img_size=&#8220;full&#8220; alignment=&#8220;center&#8220; style=&#8220;vc_box_border&#8220; onclick=&#8220;custom_link&#8220; css=&#8220;&#8220; link=&#8220;https:\/\/www.logi-go.com\/de\/havayolu-tasimacilik\/&#8220;][vc_empty_space height=&#8220;2px&#8220;][vc_column_text css=&#8220;&#8220;] Luftfracht [\/vc_column_text][\/vc_column][vc_column width=&#8220;1\/4&#8243;][vc_empty_space height=&#8220;20px&#8220;][vc_single_image image=&#8220;852&#8243; img_size=&#8220;full&#8220; alignment=&#8220;center&#8220; style=&#8220;vc_box_border&#8220; onclick=&#8220;custom_link&#8220; css=&#8220;&#8220;&#8230;<\/p>\n","protected":false},"author":1,"featured_media":0,"parent":0,"menu_order":0,"comment_status":"open","ping_status":"open","template":"","meta":{"footnotes":""},"class_list":["post-5","page","type-page","status-publish","hentry"],"_links":{"self":[{"href":"https:\/\/www.logi-go.com\/de\/wp-json\/wp\/v2\/pages\/5","targetHints":{"allow":["GET"]}}],"collection":[{"href":"https:\/\/www.logi-go.com\/de\/wp-json\/wp\/v2\/pages"}],"about":[{"href":"https:\/\/www.logi-go.com\/de\/wp-json\/wp\/v2\/types\/page"}],"author":[{"embeddable":true,"href":"https:\/\/www.logi-go.com\/de\/wp-json\/wp\/v2\/users\/1"}],"replies":[{"embeddable":true,"href":"https:\/\/www.logi-go.com\/de\/wp-json\/wp\/v2\/comments?post=5"}],"version-history":[{"count":40,"href":"https:\/\/www.logi-go.com\/de\/wp-json\/wp\/v2\/pages\/5\/revisions"}],"predecessor-version":[{"id":1136,"href":"https:\/\/www.logi-go.com\/de\/wp-json\/wp\/v2\/pages\/5\/revisions\/1136"}],"wp:attachment":[{"href":"https:\/\/www.logi-go.com\/de\/wp-json\/wp\/v2\/media?parent=5"}],"curies":[{"name":"wp","href":"https:\/\/api.w.org\/{rel}","templated":true}]}}