{"id":15,"date":"2014-11-11T11:14:30","date_gmt":"2014-11-11T11:14:30","guid":{"rendered":"http:\/\/anpsthemes.com\/constructo\/?page_id=15"},"modified":"2025-05-28T17:58:59","modified_gmt":"2025-05-28T17:58:59","slug":"contact","status":"publish","type":"page","link":"https:\/\/www.logi-go.com\/de\/contact\/","title":{"rendered":"Kontakt"},"content":{"rendered":"<div class=\"wpb-content-wrapper\"><p>[vc_row full_width=&#8220;stretch_row_content_no_spaces&#8220; has_content=&#8220;false&#8220; css=&#8220;.vc_custom_1436443742744{margin-bottom: 60px !important;}&#8220;][vc_column][vc_column_text css=&#8220;&#8220;]<iframe loading=\"lazy\" style=\"border: 0;\" src=\"https:\/\/www.google.com\/maps\/embed?pb=!1m18!1m12!1m3!1d3011.5713114077917!2d29.027534175939476!3d40.99086702049691!2m3!1f0!2f0!3f0!3m2!1i1024!2i768!4f13.1!3m3!1m2!1s0x14cab86f15db9f21%3A0xe251e5cd649a13c0!2sAbdullah%20Uzlar%20%C4%B0%C5%9F%20Merkezi!5e0!3m2!1str!2str!4v1734870448268!5m2!1str!2str\" width=\"1920\" height=\"350\" allowfullscreen=\"allowfullscreen\"><\/iframe>[\/vc_column_text][\/vc_column][\/vc_row][vc_row css=&#8220;.vc_custom_1436444292332{padding-bottom: 20px !important;}&#8220;][vc_column width=&#8220;1\/2&#8243;]<h4 class='heading-content  style-1' ><span>\u0130stanbul \/ T\u00fcrkiye<\/span><\/h4>[vc_empty_space height=&#8220;15px&#8220;][vc_column_text css=&#8220;&#8220;]Hauptsitz<\/p>\n<p><strong>Adresse:<\/strong> Osmana\u011fa Mah. S\u00f6\u011f\u00fctl\u00fc\u00e7e\u015fme Caddesi Abdullah Uzlar \u0130\u015f Merkezi No: 92-94 \u0130\u00e7 Kap\u0131 No:12 Kad\u0131k\u00f6y\/\u0130stanbul<br \/>\n<strong>Telefon:<\/strong> +90 535 702 83 23<br \/>\n<strong>Telefon-2:<\/strong> +90 850 702 83 23<br \/>\n<strong>E-mail:<\/strong> info@logi-go.com[\/vc_column_text][\/vc_column][vc_column width=&#8220;1\/2&#8243;]<h5 class='heading-content  style-1' ><span>Anfrage und Beschwerde<\/span><\/h5>[vc_empty_space height=&#8220;15px&#8220;][vc_column_text css=&#8220;&#8220;]<div class=\"forminator-ui forminator-custom-form forminator-custom-form-1142 forminator-design--default  forminator_ajax\" data-forminator-render=\"2\" data-form=\"forminator-module-1142\" data-uid=\"69e9f47358abf\"><br\/><\/div><form\n\t\t\t\tid=\"forminator-module-1142\"\n\t\t\t\tclass=\"forminator-ui forminator-custom-form forminator-custom-form-1142 forminator-design--default  forminator_ajax\"\n\t\t\t\tmethod=\"post\"\n\t\t\t\tdata-forminator-render=\"2\"\n\t\t\t\tdata-form-id=\"1142\"\n\t\t\t\t data-color-option=\"theme\" data-design=\"default\" data-grid=\"open\" style=\"display: none;\"\n\t\t\t\tdata-uid=\"69e9f47358abf\"\n\t\t\t><div role=\"alert\" aria-live=\"polite\" class=\"forminator-response-message forminator-error\" aria-hidden=\"true\"><\/div><div class=\"forminator-row\"><div id=\"name-1\" class=\"forminator-field-name forminator-col forminator-col-12 \"><div class=\"forminator-field\"><input type=\"text\" name=\"name-1\" value=\"\" placeholder=\"Name Surname\" id=\"forminator-field-name-1_69e9f47358abf\" class=\"forminator-input forminator-name--field\" aria-required=\"false\" autocomplete=\"name\" \/><\/div><\/div><\/div><div class=\"forminator-row\"><div id=\"email-1\" class=\"forminator-field-email forminator-col forminator-col-12 \"><div class=\"forminator-field\"><input type=\"email\" name=\"email-1\" value=\"\" placeholder=\"E-Mail\" id=\"forminator-field-email-1_69e9f47358abf\" class=\"forminator-input forminator-email--field\" data-required=\"\" aria-required=\"false\" autocomplete=\"email\" \/><\/div><\/div><\/div><div class=\"forminator-row\"><div id=\"textarea-1\" class=\"forminator-field-textarea forminator-col forminator-col-12 \"><div class=\"forminator-field\"><textarea name=\"textarea-1\" placeholder=\"Message\" id=\"forminator-field-textarea-1_69e9f47358abf\" class=\"forminator-textarea\" rows=\"6\" style=\"--forminator-textarea-min-height:25px;\" ><\/textarea><\/div><\/div><\/div><input type=\"hidden\" name=\"referer_url\" value=\"\" \/><div class=\"forminator-row forminator-row-last\"><div class=\"forminator-col\"><div class=\"forminator-field\"><button class=\"forminator-button forminator-button-submit\">Send Message<\/button><\/div><\/div><\/div><input type=\"hidden\" id=\"forminator_nonce\" name=\"forminator_nonce\" value=\"1943316e20\" \/><input type=\"hidden\" name=\"_wp_http_referer\" value=\"\/de\/wp-json\/wp\/v2\/pages\/15\" \/><input type=\"hidden\" name=\"form_id\" value=\"1142\"><input type=\"hidden\" name=\"page_id\" value=\"15\"><input type=\"hidden\" name=\"form_type\" value=\"default\"><input type=\"hidden\" name=\"current_url\" value=\"https:\/\/www.logi-go.com\/de\/contact\/\"><input type=\"hidden\" name=\"render_id\" value=\"2\"><input type=\"hidden\" name=\"action\" value=\"forminator_submit_form_custom-forms\"><\/form>[\/vc_column_text][\/vc_column][\/vc_row][vc_row css=&#8220;.vc_custom_1436444292332{padding-bottom: 20px !important;}&#8220;][vc_column width=&#8220;1\/3&#8243;]<h4 class='heading-content  style-1' ><span>\u0130stanbul \/ T\u00fcrkiye<\/span><\/h4>[vc_empty_space height=&#8220;15px&#8220;][vc_column_text css=&#8220;&#8220;]Vertriebsb\u00fcro<\/p>\n<p><strong>Adresse:<\/strong> Atakent Mahallesi Turgut \u00d6zal Bulvar\u0131 Dumankaya Miks Sitesi B-1 Apt. No: 48-1 B\/155 K\u00fc\u00e7\u00fck\u00e7ekmece \u0130stanbul<br \/>\n<strong>Telefon:<\/strong> +90 535 702 83 23<br \/>\n<strong>Telefon-2:<\/strong> +90 850 702 83 23<br \/>\n<strong>E-mail:<\/strong> sales@logi-go.com[\/vc_column_text][\/vc_column][vc_column width=&#8220;1\/3&#8243;]<h4 class='heading-content  style-1' ><span>Dubai<\/span><\/h4>[vc_empty_space height=&#8220;15px&#8220;][vc_column_text css=&#8220;&#8220;]<strong style=\"color: #727272;\">B\u00fcro &#8211; 1<\/strong><\/p>\n<p><strong>Adresse:<\/strong> Compass Building, Al Hulaila Industrial Zone &#8211; FZ Ras Al Khaimah<br \/>\n<strong>Telefon:<\/strong> 00971559997373<br \/>\n<strong>E-mail:<\/strong> dubai@logi-go.com[\/vc_column_text][\/vc_column][vc_column width=&#8220;1\/3&#8243; css=&#8220;.vc_custom_1436444356798{margin-top: 10px !important;}&#8220;]<h4 class='heading-content  style-1' ><span>Dubai<\/span><\/h4>[vc_empty_space height=&#8220;15px&#8220;][vc_column_text css=&#8220;&#8220;]<strong style=\"color: #727272;\">B\u00fcro &#8211; 2<\/strong><\/p>\n<p><strong>Adresse:<\/strong> Shama Building 205 Jumeirah, Dubai UAE<br \/>\n<strong>Telefon:<\/strong> 00971559997373<br \/>\n<strong>E-mail:<\/strong> dubai@logi-go.com[\/vc_column_text][\/vc_column][\/vc_row]<\/p>\n<\/div>","protected":false},"excerpt":{"rendered":"<p>[vc_row full_width=&#8220;stretch_row_content_no_spaces&#8220; has_content=&#8220;false&#8220; css=&#8220;.vc_custom_1436443742744{margin-bottom: 60px !important;}&#8220;][vc_column][vc_column_text css=&#8220;&#8220;][\/vc_column_text][\/vc_column][\/vc_row][vc_row css=&#8220;.vc_custom_1436444292332{padding-bottom: 20px !important;}&#8220;][vc_column width=&#8220;1\/2&#8243;][vc_empty_space height=&#8220;15px&#8220;][vc_column_text css=&#8220;&#8220;]Hauptsitz Adresse: Osmana\u011fa Mah. S\u00f6\u011f\u00fctl\u00fc\u00e7e\u015fme Caddesi Abdullah Uzlar \u0130\u015f Merkezi No: 92-94 \u0130\u00e7 Kap\u0131 No:12 Kad\u0131k\u00f6y\/\u0130stanbul Telefon: +90 535 702 83 23 Telefon-2: +90 850 702 83 23&#8230;<\/p>\n","protected":false},"author":1,"featured_media":0,"parent":0,"menu_order":0,"comment_status":"open","ping_status":"open","template":"","meta":{"footnotes":""},"class_list":["post-15","page","type-page","status-publish","hentry"],"_links":{"self":[{"href":"https:\/\/www.logi-go.com\/de\/wp-json\/wp\/v2\/pages\/15","targetHints":{"allow":["GET"]}}],"collection":[{"href":"https:\/\/www.logi-go.com\/de\/wp-json\/wp\/v2\/pages"}],"about":[{"href":"https:\/\/www.logi-go.com\/de\/wp-json\/wp\/v2\/types\/page"}],"author":[{"embeddable":true,"href":"https:\/\/www.logi-go.com\/de\/wp-json\/wp\/v2\/users\/1"}],"replies":[{"embeddable":true,"href":"https:\/\/www.logi-go.com\/de\/wp-json\/wp\/v2\/comments?post=15"}],"version-history":[{"count":10,"href":"https:\/\/www.logi-go.com\/de\/wp-json\/wp\/v2\/pages\/15\/revisions"}],"predecessor-version":[{"id":1145,"href":"https:\/\/www.logi-go.com\/de\/wp-json\/wp\/v2\/pages\/15\/revisions\/1145"}],"wp:attachment":[{"href":"https:\/\/www.logi-go.com\/de\/wp-json\/wp\/v2\/media?parent=15"}],"curies":[{"name":"wp","href":"https:\/\/api.w.org\/{rel}","templated":true}]}}